{"id":97,"date":"2025-05-31T17:33:19","date_gmt":"2025-05-31T14:33:19","guid":{"rendered":"https:\/\/www.phy.fi\/?page_id=97"},"modified":"2025-06-06T11:36:35","modified_gmt":"2025-06-06T08:36:35","slug":"historia","status":"publish","type":"page","link":"https:\/\/www.phy.fi\/index.php\/historia\/","title":{"rendered":"Historia"},"content":{"rendered":"\n<div class=\"wp-block-group alignfull has-base-color has-contrast-background-color has-text-color has-background has-link-color wp-elements-a4eb56f302e0917c5886a86d6f26d836 has-global-padding is-layout-constrained wp-container-core-group-is-layout-d89aad35 wp-block-group-is-layout-constrained\" style=\"margin-top:0;margin-bottom:0;padding-top:var(--wp--preset--spacing--50);padding-right:var(--wp--preset--spacing--50);padding-bottom:var(--wp--preset--spacing--50);padding-left:var(--wp--preset--spacing--50)\">\n<div class=\"wp-block-group alignwide is-layout-flow wp-block-group-is-layout-flow\">\n<h2 class=\"wp-block-heading alignwide has-base-2-color has-text-color has-link-color wp-elements-cf6311795058c237c38395ea4cef0e3a\"><strong>Historia<\/strong><\/h2>\n\n\n\n<p class=\"has-contrast-1-color has-text-color has-link-color wp-elements-026a79c815b3094b5c31bbc0d26b7b04\">19.11.1975 ker\u00e4\u00e4ntyi joukko tunnettuja filatelisteja Helsingiss\u00e4 perustamaan \u201dSuomen Postileimaker\u00e4ilij\u00e4t\u201d yhdistyst\u00e4.<\/p>\n\n\n\n<p class=\"has-contrast-1-color has-text-color has-link-color wp-elements-5263a32cf4852327807eb6f91d9852f7\">Ensimm\u00e4isen toimintavuoden j\u00e4lkeen oli j\u00e4senm\u00e4\u00e4r\u00e4 kohonnut 45 henkil\u00f6\u00f6n. Vuodesta 1977 alkaen oli yhdistyksell\u00e4 oma julkaisu\u201dPostileimaker\u00e4ilij\u00e4\u201d, jonka sis\u00e4lt\u00f6 keskittyi p\u00e4\u00e4s\u00e4\u00e4nt\u00f6isesti erilaisten leimatutkimusten ymp\u00e4rille.<\/p>\n\n\n\n<figure class=\"wp-block-image aligncenter size-full\"><img loading=\"lazy\" decoding=\"async\" width=\"197\" height=\"183\" src=\"http:\/\/www.phy.fi\/wp-content\/uploads\/2025\/05\/historia.jpg\" alt=\"\" class=\"wp-image-35\"\/><\/figure>\n\n\n\n<p id=\"block-b082c7f7-0817-41f9-9871-06248e624696\">Vuosien 1988 \/ 1989 vaihteessa Suomen Postileimaker\u00e4ilij\u00e4t muutettiin Postihistorialliseksi Yhdistykseksi. N\u00e4in yhdistyksen nimi vastasi paremmin yhdistyksen toimintaa, joka oli muuttumassa pelk\u00e4st\u00e4 leimatutkimuksesta koko postihistoriallisen kent\u00e4n k\u00e4sitt\u00e4v\u00e4ksi aktiviteetiksi.<\/p>\n\n\n\n<p id=\"block-1a13f158-1555-460f-9b3e-0b7623d50472\">Vuonna 2000 oli yhdistyksen j\u00e4senm\u00e4\u00e4r\u00e4 noin 100 henkil\u00f6n suuruinen. Viime vuosina yhdistyksen j\u00e4senm\u00e4\u00e4r\u00e4 on vakiintunut noin 80 henkil\u00f6\u00f6n.<\/p>\n\n\n\n<p id=\"block-0168a2cc-cea2-49bf-968d-7803db0ef2a8\">Yhdistys jakaa my\u00f6s nettisivujen v\u00e4lityksell\u00e4 informaatiota toiminnastaan j\u00e4senkunnalleen ja kaikille postihistoriasta kiinnostuneille. Muita s\u00e4hk\u00f6isi\u00e4 kanavia ei ole toistaiseksi hy\u00f6dynnetty resurssipulan takia.<\/p>\n\n\n\n<div style=\"margin-top:var(--wp--preset--spacing--10);margin-bottom:0;height:var(--wp--preset--spacing--10)\" aria-hidden=\"true\" class=\"wp-block-spacer\"><\/div>\n<\/div>\n<\/div>\n","protected":false},"excerpt":{"rendered":"<p>Historia 19.11.1975 ker\u00e4\u00e4ntyi joukko tunnettuja filatelisteja Helsingiss\u00e4 perustamaan \u201dSuomen Postileimaker\u00e4ilij\u00e4t\u201d yhdistyst\u00e4. Ensimm\u00e4isen toimintavuoden j\u00e4lkeen oli j\u00e4senm\u00e4\u00e4r\u00e4 kohonnut 45 henkil\u00f6\u00f6n. Vuodesta 1977 alkaen oli yhdistyksell\u00e4 oma julkaisu\u201dPostileimaker\u00e4ilij\u00e4\u201d, jonka sis\u00e4lt\u00f6 keskittyi p\u00e4\u00e4s\u00e4\u00e4nt\u00f6isesti erilaisten leimatutkimusten ymp\u00e4rille. Vuosien 1988 \/ 1989 vaihteessa Suomen Postileimaker\u00e4ilij\u00e4t muutettiin Postihistorialliseksi Yhdistykseksi. N\u00e4in yhdistyksen nimi vastasi paremmin yhdistyksen toimintaa, joka oli muuttumassa pelk\u00e4st\u00e4 leimatutkimuksesta [&hellip;]<\/p>\n","protected":false},"author":1,"featured_media":0,"parent":0,"menu_order":0,"comment_status":"closed","ping_status":"closed","template":"page-no-title","meta":{"footnotes":""},"class_list":["post-97","page","type-page","status-publish","hentry"],"_links":{"self":[{"href":"https:\/\/www.phy.fi\/index.php\/wp-json\/wp\/v2\/pages\/97","targetHints":{"allow":["GET"]}}],"collection":[{"href":"https:\/\/www.phy.fi\/index.php\/wp-json\/wp\/v2\/pages"}],"about":[{"href":"https:\/\/www.phy.fi\/index.php\/wp-json\/wp\/v2\/types\/page"}],"author":[{"embeddable":true,"href":"https:\/\/www.phy.fi\/index.php\/wp-json\/wp\/v2\/users\/1"}],"replies":[{"embeddable":true,"href":"https:\/\/www.phy.fi\/index.php\/wp-json\/wp\/v2\/comments?post=97"}],"version-history":[{"count":7,"href":"https:\/\/www.phy.fi\/index.php\/wp-json\/wp\/v2\/pages\/97\/revisions"}],"predecessor-version":[{"id":129,"href":"https:\/\/www.phy.fi\/index.php\/wp-json\/wp\/v2\/pages\/97\/revisions\/129"}],"wp:attachment":[{"href":"https:\/\/www.phy.fi\/index.php\/wp-json\/wp\/v2\/media?parent=97"}],"curies":[{"name":"wp","href":"https:\/\/api.w.org\/{rel}","templated":true}]}}