{"id":51,"date":"2025-05-31T09:45:52","date_gmt":"2025-05-31T09:45:52","guid":{"rendered":"https:\/\/www.phy.fi\/?page_id=51"},"modified":"2026-04-20T09:22:38","modified_gmt":"2026-04-20T06:22:38","slug":"kokousajankohdat-ja-aiheet","status":"publish","type":"page","link":"https:\/\/www.phy.fi\/index.php\/kokousajankohdat-ja-aiheet\/","title":{"rendered":"Kokousajankohdat ja aiheet"},"content":{"rendered":"\n<div class=\"wp-block-group alignfull has-base-color has-contrast-background-color has-text-color has-background has-link-color wp-elements-d9400acebe60f0abf7b1ab4329ca1c96 has-global-padding is-layout-constrained wp-container-core-group-is-layout-d89aad35 wp-block-group-is-layout-constrained\" style=\"margin-top:0;margin-bottom:0;padding-top:var(--wp--preset--spacing--50);padding-right:var(--wp--preset--spacing--50);padding-bottom:var(--wp--preset--spacing--50);padding-left:var(--wp--preset--spacing--50)\">\n<div class=\"wp-block-group alignwide is-layout-flow wp-block-group-is-layout-flow\">\n<h2 class=\"wp-block-heading alignwide has-base-2-color has-text-color has-link-color wp-elements-a67b16f17fb1eada1e989a766dc30efb\"><strong>Kokousajankohdat ja aiheet<\/strong><\/h2>\n\n\n\n<div style=\"height:10px\" aria-hidden=\"true\" class=\"wp-block-spacer\"><\/div>\n\n\n\n<h4 class=\"wp-block-heading alignwide has-base-2-color has-text-color has-link-color wp-elements-33dc9d800e94861ed7622876c9ecc40d\"><strong>Kokoontumispaikka<\/strong><\/h4>\n\n\n\n<p class=\"has-contrast-1-color has-text-color has-link-color wp-elements-8662fcb637138aa6ad0718c5c8aaa597\">SF:n kerhohuoneisto \u201dL\u00f6nkka\u201d, L\u00f6nnrotinkatu 32 B, Helsinki<\/p>\n\n\n\n<p class=\"has-contrast-1-color has-text-color has-link-color wp-elements-9172bdae1d228d20163cb9d97b824df8\">Ovet avautuvat klo 17 ja varsinainen ohjelma alkaa klo 17.30.<\/p>\n\n\n\n<div style=\"height:10px\" aria-hidden=\"true\" class=\"wp-block-spacer\"><\/div>\n\n\n\n<h4 class=\"wp-block-heading alignwide has-base-2-color has-text-color has-link-color wp-elements-8013ec6b4329b48d07b6be227e36d8db\"><strong>Kerhoiltojen p\u00e4\u00e4asiallinen kulku<\/strong><\/h4>\n\n\n\n<p class=\"has-contrast-1-color has-text-color has-link-color wp-elements-fde3759bc3436771fc54543180145cfc\">Kerhoillan aluksi, ennen varsinaista esitelm\u00e4\u00e4, on vapaamuotoinen uusien havaintojen esittelyosio sek\u00e4 kysymyksi\u00e4 ja vastauksia -osio, johon kannustetaan kutakin omalla ker\u00e4ilyalueellaan kohtaamien haasteiden esilletuontiin, joita yhdess\u00e4 yritet\u00e4\u00e4n ratkaista. Esitelm\u00e4n j\u00e4lkeen on aina aikaa keskustelulle.<\/p>\n\n\n\n<div style=\"height:10px\" aria-hidden=\"true\" class=\"wp-block-spacer\"><\/div>\n\n\n\n<h4 class=\"wp-block-heading alignwide has-base-2-color has-text-color has-link-color wp-elements-3b406300884bfd7fccd655772dd2a666\"><strong>Seuraavat kerhoillat ja esitelmien aiheet<\/strong><\/h4>\n\n\n\n<p class=\"has-contrast-1-color has-text-color has-link-color wp-elements-dd8ea8fb289c4581a6c49a204931236f\">Yhdistys kokoontuu aina kuukauden viimeisen\u00e4 torstaina:<\/p>\n\n\n\n<p class=\"has-contrast-1-color has-text-color has-link-color wp-elements-16acb30e2177cc2cbf265c581785a871\"><em><strong>23.4.2026<\/strong><br><\/em>OHJELMAMUUTOS: Petteri Hannula esitelm\u00f6i aiheesta &#8221;Paikallispostihistoriallinen kokoelma &#8211; Esimerkkin\u00e4 Karjaa&#8221;. Petteri kertoo periaatteista, pohdinnoistaan ja valinnoistaan koskien Karjaan paikallispostihistoria -kokoelmansa laadintaa sek\u00e4 tuomareilta saamaansa palautteeseen ajatellen kokoelman edelleen kehitt\u00e4mist\u00e4.<\/p>\n\n\n\n<p class=\"has-contrast-1-color has-text-color has-link-color wp-elements-771c8820cb115a90e6cd353144fc2bcd\"><em><strong>28.5.2026<\/strong><br><\/em>Analysoidaan Nordia 2026 -n\u00e4yttelyn antia. Pohjautuen Suomessa j\u00e4rjestetyn pohjoismaisen Nordia 2026 -n\u00e4yttelyn antiin paneudutaan n\u00e4yttelyfilatelian tuorempiin linjauksiin ja aiheisiin sek\u00e4 kokoelmanrakentamisen ja esillepanon p\u00e4tevimpiin\/toimivimpiin ratkaisuihin.<\/p>\n\n\n\n<p class=\"has-contrast-1-color has-text-color has-link-color wp-elements-a7f00cde065818bf99fa78904fa4682f\"><em><strong>27.8.2026<\/strong><br><\/em>Per-Edvin Persson esitelm\u00f6i aiheesta &#8221;Krimin sodan vaikutukset It\u00e4meren postinkulkuun&#8221;. H\u00e4n on asiaa laajasti tutkinut ja mm. Filatelisti-lehdess\u00e4 paljon etenkin Ahvenanmaahan liittyv\u00e4st\u00e4 postinkuljetuksesta kirjoittanut.<\/p>\n\n\n\n<p class=\"has-contrast-1-color has-text-color has-link-color wp-elements-73e79e0ea8aa54315916eac654e681ee\"><em><strong>24.9.2026<\/strong><br><\/em>Mikael Collan esitelm\u00f6i aiheesta &#8221;Er\u00e4\u00e4n postil\u00e4hetyksen tarina: Ven\u00e4l\u00e4inen juttu&#8221;. Esitelm\u00e4 k\u00e4sittelee ven\u00e4l\u00e4ist\u00e4 postinkuljetusta ja suomalaista liiketoimintaa Ven\u00e4j\u00e4ll\u00e4 1800-luvun loppupuolella. Kuulijat saavat k\u00e4sityksen suomalaisen teollisuuden myynnist\u00e4 Ven\u00e4j\u00e4lle sek\u00e4 Mustan Meren alueen postin toiminnasta.<\/p>\n\n\n\n<p class=\"has-contrast-1-color has-text-color has-link-color wp-elements-f17020f5a45e82d84ec4915e6cca969d\"><em><strong>29.10.2026<\/strong><br><\/em>Esitelm\u00e4n aihe viel\u00e4 varmistumatta.<\/p>\n\n\n\n<p class=\"has-contrast-1-color has-text-color has-link-color wp-elements-dc85d4c1ca4e6e27806650e9f4e114cd\"><em><strong>26.11.2026<\/strong><\/em><br>Laur V\u00e4\u00e4t\u00e4inen esitelm\u00f6i aiheesta &#8221;Postinumeron k\u00e4ytt\u00f6\u00f6notto Suomessa 1964-1979&#8221;. Esitelm\u00e4 k\u00e4sittelee Suomen posthistoriaa ajanjaksolla 1964\u22121971, jolloin postinumeroj\u00e4rjest\u00e4m\u00e4 otettiin k\u00e4ytt\u00f6\u00f6n Suomessa. Kuulijat saavat k\u00e4sityksen k\u00e4ytt\u00f6\u00f6noton vaiheista, tavoista, joilla Posti uudistuksesta tiedoitti, sek\u00e4 postinumeron k\u00e4yt\u00f6st\u00e4 ensimm\u00e4isiss\u00e4 kirjepostin lajittelukoneissa ja lajittelukeskusj\u00e4rjestelm\u00e4n tomintaperiaatteesta.<\/p>\n\n\n\n<div style=\"height:20px\" aria-hidden=\"true\" class=\"wp-block-spacer\"><\/div>\n\n\n\n<p class=\"has-text-align-center has-contrast-1-color has-text-color has-link-color wp-elements-2ffba7e909a774b41a8712fffbcb81ef\">Tilaisuudet j\u00e4rjestet\u00e4\u00e4n yhteisty\u00f6ss\u00e4 Opintokeskus Siviksen kanssa.<\/p>\n\n\n\n<figure class=\"wp-block-image aligncenter size-full is-resized\"><img loading=\"lazy\" decoding=\"async\" width=\"723\" height=\"373\" src=\"https:\/\/www.phy.fi\/wp-content\/uploads\/2025\/09\/OpintokeskusSivis-logo.png\" alt=\"\" class=\"wp-image-242\" style=\"width:200px\" srcset=\"https:\/\/www.phy.fi\/wp-content\/uploads\/2025\/09\/OpintokeskusSivis-logo.png 723w, https:\/\/www.phy.fi\/wp-content\/uploads\/2025\/09\/OpintokeskusSivis-logo-300x155.png 300w\" sizes=\"auto, (max-width: 723px) 100vw, 723px\" \/><\/figure>\n<\/div>\n<\/div>\n","protected":false},"excerpt":{"rendered":"<p>Kokousajankohdat ja aiheet Kokoontumispaikka SF:n kerhohuoneisto \u201dL\u00f6nkka\u201d, L\u00f6nnrotinkatu 32 B, Helsinki Ovet avautuvat klo 17 ja varsinainen ohjelma alkaa klo 17.30. Kerhoiltojen p\u00e4\u00e4asiallinen kulku Kerhoillan aluksi, ennen varsinaista esitelm\u00e4\u00e4, on vapaamuotoinen uusien havaintojen esittelyosio sek\u00e4 kysymyksi\u00e4 ja vastauksia -osio, johon kannustetaan kutakin omalla ker\u00e4ilyalueellaan kohtaamien haasteiden esilletuontiin, joita yhdess\u00e4 yritet\u00e4\u00e4n ratkaista. Esitelm\u00e4n j\u00e4lkeen on aina [&hellip;]<\/p>\n","protected":false},"author":1,"featured_media":0,"parent":0,"menu_order":0,"comment_status":"closed","ping_status":"closed","template":"","meta":{"footnotes":""},"class_list":["post-51","page","type-page","status-publish","hentry"],"_links":{"self":[{"href":"https:\/\/www.phy.fi\/index.php\/wp-json\/wp\/v2\/pages\/51","targetHints":{"allow":["GET"]}}],"collection":[{"href":"https:\/\/www.phy.fi\/index.php\/wp-json\/wp\/v2\/pages"}],"about":[{"href":"https:\/\/www.phy.fi\/index.php\/wp-json\/wp\/v2\/types\/page"}],"author":[{"embeddable":true,"href":"https:\/\/www.phy.fi\/index.php\/wp-json\/wp\/v2\/users\/1"}],"replies":[{"embeddable":true,"href":"https:\/\/www.phy.fi\/index.php\/wp-json\/wp\/v2\/comments?post=51"}],"version-history":[{"count":23,"href":"https:\/\/www.phy.fi\/index.php\/wp-json\/wp\/v2\/pages\/51\/revisions"}],"predecessor-version":[{"id":441,"href":"https:\/\/www.phy.fi\/index.php\/wp-json\/wp\/v2\/pages\/51\/revisions\/441"}],"wp:attachment":[{"href":"https:\/\/www.phy.fi\/index.php\/wp-json\/wp\/v2\/media?parent=51"}],"curies":[{"name":"wp","href":"https:\/\/api.w.org\/{rel}","templated":true}]}}