{"id":37,"date":"2025-05-31T08:17:43","date_gmt":"2025-05-31T08:17:43","guid":{"rendered":"https:\/\/www.phy.fi\/?page_id=37"},"modified":"2025-06-06T11:42:54","modified_gmt":"2025-06-06T08:42:54","slug":"toimihenkilot","status":"publish","type":"page","link":"https:\/\/www.phy.fi\/index.php\/toimihenkilot\/","title":{"rendered":"Toimihenkil\u00f6t"},"content":{"rendered":"\n<div class=\"wp-block-group alignfull has-base-color has-contrast-background-color has-text-color has-background has-link-color wp-elements-da281cb42c7ed426f663d0ff8d4ce650 has-global-padding is-layout-constrained wp-container-core-group-is-layout-d89aad35 wp-block-group-is-layout-constrained\" style=\"margin-top:0;margin-bottom:0;padding-top:var(--wp--preset--spacing--50);padding-right:var(--wp--preset--spacing--50);padding-bottom:var(--wp--preset--spacing--50);padding-left:var(--wp--preset--spacing--50)\">\n<div class=\"wp-block-group alignwide is-layout-flow wp-block-group-is-layout-flow\">\n<h2 class=\"wp-block-heading alignwide has-base-2-color has-text-color has-link-color wp-elements-102416d2e390af0650d669e2dd04b775\"><strong>Toimihenkil\u00f6t<\/strong><\/h2>\n\n\n\n<p class=\"has-contrast-1-color has-text-color has-link-color wp-elements-654bf94239d674b256a6b3a181c0bbef\">Yhdistyksen hallituksen muodostavat seuraavat henkil\u00f6t:<\/p>\n\n\n\n<div style=\"margin-top:var(--wp--preset--spacing--10);margin-bottom:0;height:var(--wp--preset--spacing--10)\" aria-hidden=\"true\" class=\"wp-block-spacer\"><\/div>\n\n\n\n<h4 class=\"wp-block-heading alignwide has-base-2-color has-text-color has-link-color wp-elements-342c1b7665e20f2d07f5ba0dff36e482\"><strong>Puheenjohtaja<\/strong><\/h4>\n\n\n\n<p class=\"has-contrast-1-color has-text-color has-link-color wp-elements-460ce00d170a487c4d0c0a3b0a6aa00b\">Jukka M\u00e4kip\u00e4\u00e4<\/p>\n\n\n\n<p>Aapontie 6A, 02180 Espoo<\/p>\n\n\n\n<p>puhelin 040 772 5579, email makipaa.jukka(a)gmail.com<\/p>\n\n\n\n<p class=\"has-contrast-1-color has-text-color has-link-color wp-elements-7ea67210e2e662766862b8b052e03651\">Puheenjohtaja toimii my\u00f6s yhdistyksen kontaktihenkil\u00f6n\u00e4.<\/p>\n\n\n\n<div style=\"margin-top:var(--wp--preset--spacing--10);margin-bottom:0;height:var(--wp--preset--spacing--10)\" aria-hidden=\"true\" class=\"wp-block-spacer\"><\/div>\n\n\n\n<h4 class=\"wp-block-heading alignwide has-base-2-color has-text-color has-link-color wp-elements-dcf5e032d7ad8857d8879ac4a485c02e\"><strong>J\u00e4senet<\/strong><\/h4>\n\n\n\n<p class=\"has-contrast-1-color has-text-color has-link-color wp-elements-bd4ae835310e0f2707eb3a7ab35548a2\">Kaj Salo, varapuheenjohtaja<\/p>\n\n\n\n<p>Christian Knappe, rahastonhoitaja<\/p>\n\n\n\n<p>Petteri Hannula<\/p>\n\n\n\n<p class=\"has-contrast-1-color has-text-color has-link-color wp-elements-7b8a24a7f4a74d70fee3303beeb234e7\">Mikael Collan<\/p>\n\n\n\n<p class=\"has-contrast-1-color has-text-color has-link-color wp-elements-43392795b1b8daf650f1eb8a5fcf9019\">Ari Muhonen<\/p>\n\n\n\n<div style=\"margin-top:var(--wp--preset--spacing--10);margin-bottom:0;height:var(--wp--preset--spacing--10)\" aria-hidden=\"true\" class=\"wp-block-spacer\"><\/div>\n\n\n\n<h4 class=\"wp-block-heading alignwide has-base-2-color has-text-color has-link-color wp-elements-c2e4ea2b4a819536a67bffd7d741072c\"><strong>Varaj\u00e4senet<\/strong><\/h4>\n\n\n\n<p class=\"has-contrast-1-color has-text-color has-link-color wp-elements-517cbb3790860ff8aa6e24efe9552adb\">Tuomas Juvonen<\/p>\n\n\n\n<p class=\"has-contrast-1-color has-text-color has-link-color wp-elements-43392795b1b8daf650f1eb8a5fcf9019\">Ari Muhonen<\/p>\n\n\n\n<div style=\"margin-top:var(--wp--preset--spacing--10);margin-bottom:0;height:var(--wp--preset--spacing--10)\" aria-hidden=\"true\" class=\"wp-block-spacer\"><\/div>\n<\/div>\n<\/div>\n","protected":false},"excerpt":{"rendered":"<p>Toimihenkil\u00f6t Yhdistyksen hallituksen muodostavat seuraavat henkil\u00f6t: Puheenjohtaja Jukka M\u00e4kip\u00e4\u00e4 Aapontie 6A, 02180 Espoo puhelin 040 772 5579, email makipaa.jukka(a)gmail.com Puheenjohtaja toimii my\u00f6s yhdistyksen kontaktihenkil\u00f6n\u00e4. J\u00e4senet Kaj Salo, varapuheenjohtaja Christian Knappe, rahastonhoitaja Petteri Hannula Mikael Collan Ari Muhonen Varaj\u00e4senet Tuomas Juvonen Ari Muhonen<\/p>\n","protected":false},"author":1,"featured_media":0,"parent":0,"menu_order":0,"comment_status":"closed","ping_status":"closed","template":"","meta":{"footnotes":""},"class_list":["post-37","page","type-page","status-publish","hentry"],"_links":{"self":[{"href":"https:\/\/www.phy.fi\/index.php\/wp-json\/wp\/v2\/pages\/37","targetHints":{"allow":["GET"]}}],"collection":[{"href":"https:\/\/www.phy.fi\/index.php\/wp-json\/wp\/v2\/pages"}],"about":[{"href":"https:\/\/www.phy.fi\/index.php\/wp-json\/wp\/v2\/types\/page"}],"author":[{"embeddable":true,"href":"https:\/\/www.phy.fi\/index.php\/wp-json\/wp\/v2\/users\/1"}],"replies":[{"embeddable":true,"href":"https:\/\/www.phy.fi\/index.php\/wp-json\/wp\/v2\/comments?post=37"}],"version-history":[{"count":9,"href":"https:\/\/www.phy.fi\/index.php\/wp-json\/wp\/v2\/pages\/37\/revisions"}],"predecessor-version":[{"id":131,"href":"https:\/\/www.phy.fi\/index.php\/wp-json\/wp\/v2\/pages\/37\/revisions\/131"}],"wp:attachment":[{"href":"https:\/\/www.phy.fi\/index.php\/wp-json\/wp\/v2\/media?parent=37"}],"curies":[{"name":"wp","href":"https:\/\/api.w.org\/{rel}","templated":true}]}}