{"id":182,"date":"2025-06-07T12:24:12","date_gmt":"2025-06-07T09:24:12","guid":{"rendered":"https:\/\/www.phy.fi\/?page_id=182"},"modified":"2025-07-08T20:44:51","modified_gmt":"2025-07-08T17:44:51","slug":"hyodyllisia-linkkeja","status":"publish","type":"page","link":"https:\/\/www.phy.fi\/index.php\/hyodyllisia-linkkeja\/","title":{"rendered":"Hy\u00f6dyllisi\u00e4 linkkej\u00e4"},"content":{"rendered":"\n<div class=\"wp-block-group alignfull has-base-color has-contrast-background-color has-text-color has-background has-link-color wp-elements-8237edbaac96934fcd9bbb619d34b70e has-global-padding is-layout-constrained wp-container-core-group-is-layout-d89aad35 wp-block-group-is-layout-constrained\" style=\"margin-top:0;margin-bottom:0;padding-top:var(--wp--preset--spacing--50);padding-right:var(--wp--preset--spacing--50);padding-bottom:var(--wp--preset--spacing--50);padding-left:var(--wp--preset--spacing--50)\">\n<div class=\"wp-block-group alignwide is-layout-flow wp-block-group-is-layout-flow\">\n<h2 class=\"wp-block-heading alignwide has-base-2-color has-text-color has-link-color wp-elements-072f57d7a43c039807396690026470f5\"><strong>Hy\u00f6dyllisi\u00e4 linkkej\u00e4<\/strong><\/h2>\n\n\n\n<div style=\"height:10px\" aria-hidden=\"true\" class=\"wp-block-spacer\"><\/div>\n\n\n\n<h4 class=\"wp-block-heading alignwide has-base-2-color has-text-color has-link-color wp-elements-f6d3d97a1ee248354095e583c31ed5b5\"><strong>Postihistoria kent\u00e4n kerhoja<\/strong><\/h4>\n\n\n\n<p class=\"has-contrast-1-color has-text-color has-link-color wp-elements-db565edd4fac97e4aa0f0e2a17a6660c\"><a href=\"https:\/\/filatelist.no\/finn-din-klubb\/norsk-skipshistorisk-forening\/\" data-type=\"link\" data-id=\"https:\/\/filatelist.no\/finn-din-klubb\/norsk-skipshistorisk-forening\/\" target=\"_blank\" rel=\"noreferrer noopener\">Norjan Postihistoriallinen Yhdistys<\/a><br><a href=\"https:\/\/sspd.se\/\" data-type=\"link\" data-id=\"https:\/\/sspd.se\/\" target=\"_blank\" rel=\"noreferrer noopener\">SSPD Ruotsin Postihistoriallinen Yhdistys<\/a><br><a href=\"http:\/\/www.deutsche-feldpost.com\/\" data-type=\"link\" data-id=\"http:\/\/www.deutsche-feldpost.com\/\" target=\"_blank\" rel=\"noreferrer noopener\">Saksan kentt\u00e4postin tutkimusryhm\u00e4 1930-1945<\/a><br><a href=\"https:\/\/dphs.dk\/\" data-type=\"link\" data-id=\"https:\/\/dphs.dk\/\" target=\"_blank\" rel=\"noreferrer noopener\">Tanskan Postihistoriallinen Yhdistys<\/a><\/p>\n\n\n\n<div style=\"height:10px\" aria-hidden=\"true\" class=\"wp-block-spacer\"><\/div>\n\n\n\n<h4 class=\"wp-block-heading alignwide has-base-2-color has-text-color has-link-color wp-elements-09a365197eb23044339dabc6c1e7c436\"><strong>Huutokauppahuoneita<\/strong><\/h4>\n\n\n\n<p><a href=\"http:\/\/www.ebay.com\/\" data-type=\"link\" data-id=\"http:\/\/www.ebay.com\/\" target=\"_blank\" rel=\"noreferrer noopener\">eBay<\/a><br><a href=\"http:\/\/www.huuto.net\/\" data-type=\"link\" data-id=\"http:\/\/www.huuto.net\/\" target=\"_blank\" rel=\"noreferrer noopener\">Huuto.net<\/a><br><a href=\"http:\/\/hellmanhuutokaupat.fi\/\" data-type=\"link\" data-id=\"http:\/\/hellmanhuutokaupat.fi\/\" target=\"_blank\" rel=\"noreferrer noopener\">Hellman-Huutokaupat<\/a><br><a href=\"http:\/\/www.merkkialbert.fi\/\" data-type=\"link\" data-id=\"http:\/\/www.merkkialbert.fi\/\" target=\"_blank\" rel=\"noreferrer noopener\">Merkki-Albert<\/a><br><a href=\"http:\/\/www.systeemi.net\/\" data-type=\"link\" data-id=\"http:\/\/www.systeemi.net\/\" target=\"_blank\" rel=\"noreferrer noopener\">Systeemi.net<\/a><\/p>\n\n\n\n<div style=\"height:10px\" aria-hidden=\"true\" class=\"wp-block-spacer\"><\/div>\n\n\n\n<h4 class=\"wp-block-heading alignwide has-base-2-color has-text-color has-link-color wp-elements-df877c42f88dc3e018a5acd19988d278\"><strong>Netshoppeja<\/strong><\/h4>\n\n\n\n<p><a href=\"http:\/\/www.lingens.com\/\" data-type=\"link\" data-id=\"http:\/\/www.lingens.com\/\" target=\"_blank\" rel=\"noreferrer noopener\">Lingens.com<\/a><br><a href=\"http:\/\/www.philbansner.com\/\" data-type=\"link\" data-id=\"http:\/\/www.philbansner.com\/\" target=\"_blank\" rel=\"noreferrer noopener\">Philbansner.com<\/a><br><a href=\"http:\/\/www.pbbooks.com\/\" data-type=\"link\" data-id=\"http:\/\/www.pbbooks.com\/\" target=\"_blank\" rel=\"noreferrer noopener\">Philatelic Bibliopole<\/a><br><a href=\"http:\/\/www.stamps.fi\/\" data-type=\"link\" data-id=\"http:\/\/www.stamps.fi\/\" target=\"_blank\" rel=\"noreferrer noopener\">Suomen Filateliapalvelu Oy<\/a><\/p>\n\n\n\n<div style=\"height:10px\" aria-hidden=\"true\" class=\"wp-block-spacer\"><\/div>\n\n\n\n<h4 class=\"wp-block-heading alignwide has-base-2-color has-text-color has-link-color wp-elements-737bd890b731b33e6e4b3b26dadba6a2\"><strong>Arkistoja<\/strong><\/h4>\n\n\n\n<p><a href=\"http:\/\/www.narc.fi\/\" data-type=\"link\" data-id=\"http:\/\/www.narc.fi\/\" target=\"_blank\" rel=\"noreferrer noopener\">Kansallisarkisto<\/a><br><a href=\"http:\/\/www.sota-arkisto.fi\/\" data-type=\"link\" data-id=\"http:\/\/www.sota-arkisto.fi\/\" target=\"_blank\" rel=\"noreferrer noopener\">Sota-arkisto<\/a><\/p>\n\n\n\n<div style=\"height:10px\" aria-hidden=\"true\" class=\"wp-block-spacer\"><\/div>\n\n\n\n<h4 class=\"wp-block-heading alignwide has-base-2-color has-text-color has-link-color wp-elements-786584640a7289331346c904321bb932\"><strong>Yksityishenkil\u00f6iden kotisivuja, joilta l\u00f6ytyy postihistoriaa<\/strong><\/h4>\n\n\n\n<p><a href=\"http:\/\/www.jiv.dk\/\" data-type=\"link\" data-id=\"http:\/\/www.jiv.dk\/\" target=\"_blank\" rel=\"noreferrer noopener\">www.jiv.dk<\/a><br><a href=\"http:\/\/www.postileimat.com\/\" data-type=\"link\" data-id=\"http:\/\/www.postileimat.com\/\" target=\"_blank\" rel=\"noreferrer noopener\">www.postileimat.com<\/a> Rivileimoista<\/p>\n\n\n\n<div style=\"height:10px\" aria-hidden=\"true\" class=\"wp-block-spacer\"><\/div>\n\n\n\n<h4 class=\"wp-block-heading alignwide has-base-2-color has-text-color has-link-color wp-elements-0da6a251c34f57a6aa63c5ff9bbc59c6\"><strong>Postihistoriallisen n\u00e4yttelykokoelman rakentamisoppia<\/strong><\/h4>\n\n\n\n<p><a href=\"https:\/\/vakavasti.fi\/\" target=\"_blank\" rel=\"noreferrer noopener\">Postihistoriasta vakavasti<\/a><\/p>\n\n\n\n<div style=\"height:10px\" aria-hidden=\"true\" class=\"wp-block-spacer\"><\/div>\n\n\n\n<h4 class=\"wp-block-heading alignwide has-base-2-color has-text-color has-link-color wp-elements-ccdf263c9a36b06953b03865a176e7ae\"><strong>Muuta<\/strong><\/h4>\n\n\n\n<p class=\"has-contrast-1-color has-text-color has-link-color wp-elements-fdf9ff8a73ef544886890d3307a9488f\"><a href=\"http:\/\/www.filatelisti.fi\/\" data-type=\"link\" data-id=\"http:\/\/www.filatelisti.fi\/\" target=\"_blank\" rel=\"noreferrer noopener\">SFFF \u2013 Suomen Filatelistiliitto<\/a><br><a href=\"https:\/\/www.f-i-p.ch\/\" target=\"_blank\" rel=\"noreferrer noopener\">FIP<\/a> \u2013 Kansainv\u00e4linen Filatelistiliitto <br><a href=\"https:\/\/www.virtualstampclub.com\/glassinesurfer.html\" data-type=\"link\" data-id=\"https:\/\/www.virtualstampclub.com\/glassinesurfer.html\" target=\"_blank\" rel=\"noreferrer noopener\">Glassine Surfer<\/a> \u2013 Postimerkkeilyst\u00e4 ja Internetist\u00e4<br><a href=\"http:\/\/www.exponet.info\/exhibit_select_by_visits.php?lng=EN\" target=\"_blank\" rel=\"noreferrer noopener\">Exponet<\/a> \u2013 Virtuaalinen n\u00e4yttely, paljon kokoelmia!<\/p>\n<\/div>\n<\/div>\n","protected":false},"excerpt":{"rendered":"<p>Hy\u00f6dyllisi\u00e4 linkkej\u00e4 Postihistoria kent\u00e4n kerhoja Norjan Postihistoriallinen YhdistysSSPD Ruotsin Postihistoriallinen YhdistysSaksan kentt\u00e4postin tutkimusryhm\u00e4 1930-1945Tanskan Postihistoriallinen Yhdistys Huutokauppahuoneita eBayHuuto.netHellman-HuutokaupatMerkki-AlbertSysteemi.net Netshoppeja Lingens.comPhilbansner.comPhilatelic BibliopoleSuomen Filateliapalvelu Oy Arkistoja KansallisarkistoSota-arkisto Yksityishenkil\u00f6iden kotisivuja, joilta l\u00f6ytyy postihistoriaa www.jiv.dkwww.postileimat.com Rivileimoista Postihistoriallisen n\u00e4yttelykokoelman rakentamisoppia Postihistoriasta vakavasti Muuta SFFF \u2013 Suomen FilatelistiliittoFIP \u2013 Kansainv\u00e4linen Filatelistiliitto Glassine Surfer \u2013 Postimerkkeilyst\u00e4 ja Internetist\u00e4Exponet \u2013 Virtuaalinen n\u00e4yttely, paljon [&hellip;]<\/p>\n","protected":false},"author":1,"featured_media":0,"parent":0,"menu_order":0,"comment_status":"closed","ping_status":"closed","template":"","meta":{"footnotes":""},"class_list":["post-182","page","type-page","status-publish","hentry"],"_links":{"self":[{"href":"https:\/\/www.phy.fi\/index.php\/wp-json\/wp\/v2\/pages\/182","targetHints":{"allow":["GET"]}}],"collection":[{"href":"https:\/\/www.phy.fi\/index.php\/wp-json\/wp\/v2\/pages"}],"about":[{"href":"https:\/\/www.phy.fi\/index.php\/wp-json\/wp\/v2\/types\/page"}],"author":[{"embeddable":true,"href":"https:\/\/www.phy.fi\/index.php\/wp-json\/wp\/v2\/users\/1"}],"replies":[{"embeddable":true,"href":"https:\/\/www.phy.fi\/index.php\/wp-json\/wp\/v2\/comments?post=182"}],"version-history":[{"count":7,"href":"https:\/\/www.phy.fi\/index.php\/wp-json\/wp\/v2\/pages\/182\/revisions"}],"predecessor-version":[{"id":227,"href":"https:\/\/www.phy.fi\/index.php\/wp-json\/wp\/v2\/pages\/182\/revisions\/227"}],"wp:attachment":[{"href":"https:\/\/www.phy.fi\/index.php\/wp-json\/wp\/v2\/media?parent=182"}],"curies":[{"name":"wp","href":"https:\/\/api.w.org\/{rel}","templated":true}]}}